{"id":879,"date":"2020-10-20T13:59:55","date_gmt":"2020-10-20T11:59:55","guid":{"rendered":"https:\/\/www.gavias-theme.com\/wp\/ziston\/?page_id=879"},"modified":"2024-07-21T18:00:04","modified_gmt":"2024-07-21T16:00:04","slug":"notre-solution","status":"publish","type":"page","link":"https:\/\/info-des-communes.fr\/?page_id=879","title":{"rendered":"NOTRE SOLUTION"},"content":{"rendered":"\t\t<div data-elementor-type=\"wp-page\" data-elementor-id=\"879\" class=\"elementor elementor-879\">\n\t\t\t\t\t\t<section class=\"elementor-section elementor-top-section elementor-element elementor-element-90497bb elementor-section-boxed elementor-section-height-default elementor-section-height-default row-top\" data-id=\"90497bb\" data-element_type=\"section\" data-e-type=\"section\" data-settings=\"{&quot;background_background&quot;:&quot;classic&quot;}\">\n\t\t\t\t\t\t<div class=\"elementor-container elementor-column-gap-default\">\n\t\t\t\t\t<div class=\"elementor-column elementor-col-100 elementor-top-column elementor-element elementor-element-12ca2b9 column-style-top\" data-id=\"12ca2b9\" data-element_type=\"column\" data-e-type=\"column\">\n\t\t\t<div class=\"elementor-widget-wrap elementor-element-populated\">\n\t\t\t\t\t\t<section class=\"elementor-section elementor-inner-section elementor-element elementor-element-0c6cae2 elementor-section-boxed elementor-section-height-default elementor-section-height-default row-top\" data-id=\"0c6cae2\" data-element_type=\"section\" data-e-type=\"section\">\n\t\t\t\t\t\t<div class=\"elementor-container elementor-column-gap-default\">\n\t\t\t\t\t<div class=\"elementor-column elementor-col-33 elementor-inner-column elementor-element elementor-element-75174ee column-style-top\" data-id=\"75174ee\" data-element_type=\"column\" data-e-type=\"column\">\n\t\t\t<div class=\"elementor-widget-wrap elementor-element-populated\">\n\t\t\t\t\t\t<div class=\"elementor-element elementor-element-aee4428 elementor-widget__width-initial elementor-widget elementor-widget-image\" data-id=\"aee4428\" data-element_type=\"widget\" data-e-type=\"widget\" data-widget_type=\"image.default\">\n\t\t\t\t<div class=\"elementor-widget-container\">\n\t\t\t\t\t\t\t\t\t\t\t\t\t\t\t<img fetchpriority=\"high\" decoding=\"async\" width=\"768\" height=\"530\" src=\"https:\/\/info-des-communes.fr\/wp-content\/uploads\/2023\/05\/Les-10-principes-de-la-relation-client-1080x675-1-e1643624693870-799x551-1-768x530.jpeg\" class=\"attachment-medium_large size-medium_large wp-image-1593\" alt=\"\" srcset=\"https:\/\/info-des-communes.fr\/wp-content\/uploads\/2023\/05\/Les-10-principes-de-la-relation-client-1080x675-1-e1643624693870-799x551-1-768x530.jpeg 768w, https:\/\/info-des-communes.fr\/wp-content\/uploads\/2023\/05\/Les-10-principes-de-la-relation-client-1080x675-1-e1643624693870-799x551-1-600x414.jpeg 600w, https:\/\/info-des-communes.fr\/wp-content\/uploads\/2023\/05\/Les-10-principes-de-la-relation-client-1080x675-1-e1643624693870-799x551-1.jpeg 799w\" sizes=\"(max-width: 768px) 100vw, 768px\" \/>\t\t\t\t\t\t\t\t\t\t\t\t\t\t\t<\/div>\n\t\t\t\t<\/div>\n\t\t\t\t<div class=\"elementor-element elementor-element-19e3543 elementor-widget elementor-widget-heading\" data-id=\"19e3543\" data-element_type=\"widget\" data-e-type=\"widget\" data-widget_type=\"heading.default\">\n\t\t\t\t<div class=\"elementor-widget-container\">\n\t\t\t\t\t<h2 class=\"elementor-heading-title elementor-size-default\">Visibilit\u00e9 sur le Web<\/h2>\t\t\t\t<\/div>\n\t\t\t\t<\/div>\n\t\t\t\t\t<\/div>\n\t\t<\/div>\n\t\t\t\t<div class=\"elementor-column elementor-col-33 elementor-inner-column elementor-element elementor-element-86cbdd4 column-style-top\" data-id=\"86cbdd4\" data-element_type=\"column\" data-e-type=\"column\">\n\t\t\t<div class=\"elementor-widget-wrap elementor-element-populated\">\n\t\t\t\t\t\t<div class=\"elementor-element elementor-element-69f5714 elementor-widget__width-initial elementor-widget elementor-widget-image\" data-id=\"69f5714\" data-element_type=\"widget\" data-e-type=\"widget\" data-widget_type=\"image.default\">\n\t\t\t\t<div class=\"elementor-widget-container\">\n\t\t\t\t\t\t\t\t\t\t\t\t\t\t\t<img decoding=\"async\" width=\"768\" height=\"529\" src=\"https:\/\/info-des-communes.fr\/wp-content\/uploads\/2023\/05\/chiffres-d-affaires-scaled-e1643624817863-800x551-1-768x529.jpeg\" class=\"attachment-medium_large size-medium_large wp-image-1592\" alt=\"\" srcset=\"https:\/\/info-des-communes.fr\/wp-content\/uploads\/2023\/05\/chiffres-d-affaires-scaled-e1643624817863-800x551-1-768x529.jpeg 768w, https:\/\/info-des-communes.fr\/wp-content\/uploads\/2023\/05\/chiffres-d-affaires-scaled-e1643624817863-800x551-1-600x413.jpeg 600w, https:\/\/info-des-communes.fr\/wp-content\/uploads\/2023\/05\/chiffres-d-affaires-scaled-e1643624817863-800x551-1.jpeg 800w\" sizes=\"(max-width: 768px) 100vw, 768px\" \/>\t\t\t\t\t\t\t\t\t\t\t\t\t\t\t<\/div>\n\t\t\t\t<\/div>\n\t\t\t\t<div class=\"elementor-element elementor-element-1a5dffe elementor-widget elementor-widget-heading\" data-id=\"1a5dffe\" data-element_type=\"widget\" data-e-type=\"widget\" data-widget_type=\"heading.default\">\n\t\t\t\t<div class=\"elementor-widget-container\">\n\t\t\t\t\t<h2 class=\"elementor-heading-title elementor-size-default\">Augmentez votre CA<\/h2>\t\t\t\t<\/div>\n\t\t\t\t<\/div>\n\t\t\t\t\t<\/div>\n\t\t<\/div>\n\t\t\t\t<div class=\"elementor-column elementor-col-33 elementor-inner-column elementor-element elementor-element-567d845 column-style-top\" data-id=\"567d845\" data-element_type=\"column\" data-e-type=\"column\">\n\t\t\t<div class=\"elementor-widget-wrap elementor-element-populated\">\n\t\t\t\t\t\t<div class=\"elementor-element elementor-element-8ef1487 elementor-widget__width-initial elementor-widget elementor-widget-image\" data-id=\"8ef1487\" data-element_type=\"widget\" data-e-type=\"widget\" data-widget_type=\"image.default\">\n\t\t\t\t<div class=\"elementor-widget-container\">\n\t\t\t\t\t\t\t\t\t\t\t\t\t\t\t<img decoding=\"async\" width=\"768\" height=\"530\" src=\"https:\/\/info-des-communes.fr\/wp-content\/uploads\/2020\/09\/responsive-navigation-t-e1643624902864-801x551-1-e1697479810830-768x530.jpg\" class=\"attachment-medium_large size-medium_large wp-image-387002\" alt=\"\" srcset=\"https:\/\/info-des-communes.fr\/wp-content\/uploads\/2020\/09\/responsive-navigation-t-e1643624902864-801x551-1-e1697479810830-768x530.jpg 768w, https:\/\/info-des-communes.fr\/wp-content\/uploads\/2020\/09\/responsive-navigation-t-e1643624902864-801x551-1-e1697479810830-600x414.jpg 600w, https:\/\/info-des-communes.fr\/wp-content\/uploads\/2020\/09\/responsive-navigation-t-e1643624902864-801x551-1-e1697479810830.jpg 799w\" sizes=\"(max-width: 768px) 100vw, 768px\" \/>\t\t\t\t\t\t\t\t\t\t\t\t\t\t\t<\/div>\n\t\t\t\t<\/div>\n\t\t\t\t<div class=\"elementor-element elementor-element-9d12683 elementor-widget__width-initial elementor-widget elementor-widget-heading\" data-id=\"9d12683\" data-element_type=\"widget\" data-e-type=\"widget\" data-widget_type=\"heading.default\">\n\t\t\t\t<div class=\"elementor-widget-container\">\n\t\t\t\t\t<h2 class=\"elementor-heading-title elementor-size-default\">B\u00e9n\u00e9ficiez du responsive<\/h2>\t\t\t\t<\/div>\n\t\t\t\t<\/div>\n\t\t\t\t\t<\/div>\n\t\t<\/div>\n\t\t\t\t\t<\/div>\n\t\t<\/section>\n\t\t\t\t<section class=\"elementor-section elementor-inner-section elementor-element elementor-element-95cf13c elementor-section-boxed elementor-section-height-default elementor-section-height-default row-top\" data-id=\"95cf13c\" data-element_type=\"section\" data-e-type=\"section\">\n\t\t\t\t\t\t<div class=\"elementor-container elementor-column-gap-default\">\n\t\t\t\t\t<div class=\"elementor-column elementor-col-100 elementor-inner-column elementor-element elementor-element-7afdf4b column-style-top\" data-id=\"7afdf4b\" data-element_type=\"column\" data-e-type=\"column\">\n\t\t\t<div class=\"elementor-widget-wrap elementor-element-populated\">\n\t\t\t\t\t\t<div class=\"elementor-element elementor-element-e668e85 elementor-widget elementor-widget-gva-heading-block\" data-id=\"e668e85\" data-element_type=\"widget\" data-e-type=\"widget\" data-widget_type=\"gva-heading-block.default\">\n\t\t\t\t<div class=\"elementor-widget-container\">\n\t\t\t\t\t<div class=\"gva-element-gva-heading-block gva-element\">   <div class=\"align-center style-1 widget gsc-heading box-align-center\">\r\n      <div class=\"content-inner\">\r\n         \r\n                  \r\n                     <div class=\"clearfix\"><div class=\"sub-title\"><span>Attirez, fid\u00e9lisez de nouveaux clients et boostez votre notori\u00e9t\u00e9<\/span><\/div><\/div>\r\n           \r\n         \r\n                     <h2 class=\"title\">\r\n               <span>Notre Solution pour les pros\npartout en France<\/span>\r\n            <\/h2>\r\n                              <div class=\"title-desc\">Vous \u00eatres un pro : r\u00e9f\u00e9rencez-vous ! Nous cr\u00e9ons de la valeur, vous r\u00e9coltez les r\u00e9sultats. Gr\u00e2ce \u00e0 notre service d\u2019annuaire professionnel en ligne, captez chaque jour de nouveaux clients et booster la visibilit\u00e9 de votre entreprise avec Infos des Communes en la rendant plus visible sur Internet.<\/div>\r\n         \r\n         \r\n      <\/div>\r\n   <\/div>\r\n   <div class=\"clearfix\"><\/div>\r\n<\/div>\t\t\t\t<\/div>\n\t\t\t\t<\/div>\n\t\t\t\t\t<\/div>\n\t\t<\/div>\n\t\t\t\t\t<\/div>\n\t\t<\/section>\n\t\t\t\t\t<\/div>\n\t\t<\/div>\n\t\t\t\t\t<\/div>\n\t\t<\/section>\n\t\t\t\t<section class=\"elementor-section elementor-top-section elementor-element elementor-element-bf632d2 elementor-section-boxed elementor-section-height-default elementor-section-height-default row-top\" data-id=\"bf632d2\" data-element_type=\"section\" data-e-type=\"section\" data-settings=\"{&quot;background_background&quot;:&quot;classic&quot;}\">\n\t\t\t\t\t\t<div class=\"elementor-container elementor-column-gap-default\">\n\t\t\t\t\t<div class=\"elementor-column elementor-col-100 elementor-top-column elementor-element elementor-element-5cb0f9a column-style-top\" data-id=\"5cb0f9a\" data-element_type=\"column\" data-e-type=\"column\">\n\t\t\t<div class=\"elementor-widget-wrap elementor-element-populated\">\n\t\t\t\t\t\t<div class=\"elementor-element elementor-element-25e45c3 elementor-widget elementor-widget-gva-image-content\" data-id=\"25e45c3\" data-element_type=\"widget\" data-e-type=\"widget\" data-widget_type=\"gva-image-content.default\">\n\t\t\t\t<div class=\"elementor-widget-container\">\n\t\t\t\t\t<div class=\"gva-element-gva-image-content gva-element\">\t\t\r\n\t<div class=\"gsc-image-content skin-v1\">\r\n\t  \t\t\t \t<div class=\"image\">\r\n\t\t\t\t<img decoding=\"async\" src=\"https:\/\/info-des-communes.fr\/wp-content\/uploads\/2020\/09\/lt-banner-5.jpg\" alt=\"Vos avantages : Plus de Visibilit\u00e9, Plus de Notori\u00e9t\u00e9 &amp; 100% personnalis\u00e9\" \/>  \r\n\t\t \t<\/div>\r\n\t\t \t<div class=\"box-content\">\r\n\t\t \t\t<div class=\"content-inner\">\r\n\t\t\t \t\t\t\t\t \t\t\t<div class=\"title\">Vos avantages : Plus de Visibilit\u00e9, Plus de Notori\u00e9t\u00e9 & 100% personnalis\u00e9<\/div>\r\n\t\t\t \t\t\t\t\t \t\t\t\t\t \t<\/div>\t\r\n\t\t \t<\/div>\r\n\t  \t\t<\/div>\r\n  \r\n\t \r\n \r\n\r\n\r\n <\/div>\t\t\t\t<\/div>\n\t\t\t\t<\/div>\n\t\t\t\t<section class=\"elementor-section elementor-inner-section elementor-element elementor-element-89ddca3 elementor-section-boxed elementor-section-height-default elementor-section-height-default row-top\" data-id=\"89ddca3\" data-element_type=\"section\" data-e-type=\"section\">\n\t\t\t\t\t\t<div class=\"elementor-container elementor-column-gap-default\">\n\t\t\t\t\t<div class=\"elementor-column elementor-col-50 elementor-inner-column elementor-element elementor-element-fba9b3c column-style-top\" data-id=\"fba9b3c\" data-element_type=\"column\" data-e-type=\"column\">\n\t\t\t<div class=\"elementor-widget-wrap elementor-element-populated\">\n\t\t\t\t\t\t<div class=\"elementor-element elementor-element-7f002bf elementor-widget elementor-widget-text-editor\" data-id=\"7f002bf\" data-element_type=\"widget\" data-e-type=\"widget\" data-widget_type=\"text-editor.default\">\n\t\t\t\t<div class=\"elementor-widget-container\">\n\t\t\t\t\t\t\t\t\t<p><b>Image de marque<\/b><br \/>Diffuser l\u2019image de votre structure au plus grand nombre<\/p>\t\t\t\t\t\t\t\t<\/div>\n\t\t\t\t<\/div>\n\t\t\t\t<div class=\"elementor-element elementor-element-2911c18 elementor-widget elementor-widget-text-editor\" data-id=\"2911c18\" data-element_type=\"widget\" data-e-type=\"widget\" data-widget_type=\"text-editor.default\">\n\t\t\t\t<div class=\"elementor-widget-container\">\n\t\t\t\t\t\t\t\t\t<p><b>Fiche personnalis\u00e9e<\/b><br \/>Un espace d\u00e9di\u00e9 que nous personnalisons \u00e0 vos couleurs<\/p>\t\t\t\t\t\t\t\t<\/div>\n\t\t\t\t<\/div>\n\t\t\t\t<div class=\"elementor-element elementor-element-c8321fd elementor-widget elementor-widget-text-editor\" data-id=\"c8321fd\" data-element_type=\"widget\" data-e-type=\"widget\" data-widget_type=\"text-editor.default\">\n\t\t\t\t<div class=\"elementor-widget-container\">\n\t\t\t\t\t\t\t\t\t<p><b>Rejoindre des milliers d&rsquo;entreprises d\u00e9j\u00e0 r\u00e9f\u00e9renc\u00e9es<\/b><br \/>Vous \u00eatre un pro : rejoignez notre Guide en ligne comme des milliers d\u2019autres professionnels<\/p>\t\t\t\t\t\t\t\t<\/div>\n\t\t\t\t<\/div>\n\t\t\t\t\t<\/div>\n\t\t<\/div>\n\t\t\t\t<div class=\"elementor-column elementor-col-50 elementor-inner-column elementor-element elementor-element-709db62 column-style-top\" data-id=\"709db62\" data-element_type=\"column\" data-e-type=\"column\">\n\t\t\t<div class=\"elementor-widget-wrap elementor-element-populated\">\n\t\t\t\t\t\t<div class=\"elementor-element elementor-element-c4525d6 elementor-widget elementor-widget-text-editor\" data-id=\"c4525d6\" data-element_type=\"widget\" data-e-type=\"widget\" data-widget_type=\"text-editor.default\">\n\t\t\t\t<div class=\"elementor-widget-container\">\n\t\t\t\t\t\t\t\t\t<p><strong>Chiffres d&rsquo;affaires<\/strong><br \/>D\u00e9veloppez votre CA avec une visibilit\u00e9 accrue<\/p>\t\t\t\t\t\t\t\t<\/div>\n\t\t\t\t<\/div>\n\t\t\t\t<div class=\"elementor-element elementor-element-c3b64ec elementor-widget elementor-widget-text-editor\" data-id=\"c3b64ec\" data-element_type=\"widget\" data-e-type=\"widget\" data-widget_type=\"text-editor.default\">\n\t\t\t\t<div class=\"elementor-widget-container\">\n\t\t\t\t\t\t\t\t\t<p><strong>Technologie responsive<\/strong><br \/>Votre fiche pro est accessible depuis n\u2019importe quel terminal<\/p>\t\t\t\t\t\t\t\t<\/div>\n\t\t\t\t<\/div>\n\t\t\t\t<div class=\"elementor-element elementor-element-09876c3 elementor-widget elementor-widget-text-editor\" data-id=\"09876c3\" data-element_type=\"widget\" data-e-type=\"widget\" data-widget_type=\"text-editor.default\">\n\t\t\t\t<div class=\"elementor-widget-container\">\n\t\t\t\t\t\t\t\t\t<p><strong>Un accompagnement de A \u00e0 Z<\/strong><br \/>Notre \u00e9quipe vous accompagne pas \u00e0 pas pour la mise en ligne de votre annonce<\/p>\t\t\t\t\t\t\t\t<\/div>\n\t\t\t\t<\/div>\n\t\t\t\t\t<\/div>\n\t\t<\/div>\n\t\t\t\t\t<\/div>\n\t\t<\/section>\n\t\t\t\t\t<\/div>\n\t\t<\/div>\n\t\t\t\t\t<\/div>\n\t\t<\/section>\n\t\t\t\t<section class=\"elementor-section elementor-top-section elementor-element elementor-element-2c052df9 elementor-section-boxed elementor-section-height-default elementor-section-height-default row-top\" data-id=\"2c052df9\" data-element_type=\"section\" data-e-type=\"section\" data-settings=\"{&quot;background_background&quot;:&quot;classic&quot;}\">\n\t\t\t\t\t\t<div class=\"elementor-container elementor-column-gap-default\">\n\t\t\t\t\t<div class=\"elementor-column elementor-col-100 elementor-top-column elementor-element elementor-element-1f48afc2 column-style-top\" data-id=\"1f48afc2\" data-element_type=\"column\" data-e-type=\"column\">\n\t\t\t<div class=\"elementor-widget-wrap elementor-element-populated\">\n\t\t\t\t\t\t<section class=\"elementor-section elementor-inner-section elementor-element elementor-element-2ca56a8e elementor-section-boxed elementor-section-height-default elementor-section-height-default row-top\" data-id=\"2ca56a8e\" data-element_type=\"section\" data-e-type=\"section\">\n\t\t\t\t\t\t<div class=\"elementor-container elementor-column-gap-default\">\n\t\t\t\t\t<div class=\"elementor-column elementor-col-100 elementor-inner-column elementor-element elementor-element-99e4389 column-style-top\" data-id=\"99e4389\" data-element_type=\"column\" data-e-type=\"column\">\n\t\t\t<div class=\"elementor-widget-wrap elementor-element-populated\">\n\t\t\t\t\t\t<div class=\"elementor-element elementor-element-346aa6f0 elementor-widget elementor-widget-gva-heading-block\" data-id=\"346aa6f0\" data-element_type=\"widget\" data-e-type=\"widget\" data-widget_type=\"gva-heading-block.default\">\n\t\t\t\t<div class=\"elementor-widget-container\">\n\t\t\t\t\t<div class=\"gva-element-gva-heading-block gva-element\">   <div class=\"align-center style-1 widget gsc-heading box-align-center\">\r\n      <div class=\"content-inner\">\r\n         \r\n                  \r\n                     <div class=\"clearfix\"><div class=\"sub-title\"><span>VOS AVIS<\/span><\/div><\/div>\r\n           \r\n         \r\n                     <h2 class=\"title\">\r\n               <span>Qu'en pense-t-il ?<\/span>\r\n            <\/h2>\r\n                  \r\n         \r\n      <\/div>\r\n   <\/div>\r\n   <div class=\"clearfix\"><\/div>\r\n<\/div>\t\t\t\t<\/div>\n\t\t\t\t<\/div>\n\t\t\t\t<div class=\"elementor-element elementor-element-d9d2f81 elementor-widget elementor-widget-text-editor\" data-id=\"d9d2f81\" data-element_type=\"widget\" data-e-type=\"widget\" data-widget_type=\"text-editor.default\">\n\t\t\t\t<div class=\"elementor-widget-container\">\n\t\t\t\t\t\t\t\t\t<p>Une \u00e9quipe r\u00e9active et comp\u00e9tente qui m\u2019a permis de gagner du chiffre d\u2019affaires suppl\u00e9mentaire avec une solution fiable en ligne. Je recommande vivement !<br><br><strong>H.Martin<\/strong><br><strong>Chef d&rsquo;entreprise<\/strong><\/p>\t\t\t\t\t\t\t\t<\/div>\n\t\t\t\t<\/div>\n\t\t\t\t\t<\/div>\n\t\t<\/div>\n\t\t\t\t\t<\/div>\n\t\t<\/section>\n\t\t\t\t\t<\/div>\n\t\t<\/div>\n\t\t\t\t\t<\/div>\n\t\t<\/section>\n\t\t\t\t<section class=\"elementor-section elementor-top-section elementor-element elementor-element-de6af80 elementor-section-boxed elementor-section-height-default elementor-section-height-default row-top\" data-id=\"de6af80\" data-element_type=\"section\" data-e-type=\"section\">\n\t\t\t\t\t\t<div class=\"elementor-container elementor-column-gap-default\">\n\t\t\t\t\t<div class=\"elementor-column elementor-col-100 elementor-top-column elementor-element elementor-element-076a0da column-style-top\" data-id=\"076a0da\" data-element_type=\"column\" data-e-type=\"column\">\n\t\t\t<div class=\"elementor-widget-wrap elementor-element-populated\">\n\t\t\t\t\t\t<div class=\"elementor-element elementor-element-b1a669f elementor-widget elementor-widget-heading\" data-id=\"b1a669f\" data-element_type=\"widget\" data-e-type=\"widget\" data-widget_type=\"heading.default\">\n\t\t\t\t<div class=\"elementor-widget-container\">\n\t\t\t\t\t<h2 class=\"elementor-heading-title elementor-size-default\">Notre service client est \u00e0 votre \u00e9coute !<\/h2>\t\t\t\t<\/div>\n\t\t\t\t<\/div>\n\t\t\t\t<div class=\"elementor-element elementor-element-74c1a04 icon-box-left elementor-view-stacked elementor-shape-circle elementor-position-block-start elementor-mobile-position-block-start elementor-widget elementor-widget-icon-box\" data-id=\"74c1a04\" data-element_type=\"widget\" data-e-type=\"widget\" data-widget_type=\"icon-box.default\">\n\t\t\t\t<div class=\"elementor-widget-container\">\n\t\t\t\t\t\t\t<div class=\"elementor-icon-box-wrapper\">\n\n\t\t\t\t\t\t<div class=\"elementor-icon-box-icon\">\n\t\t\t\t<span  class=\"elementor-icon\">\n\t\t\t\t<i aria-hidden=\"true\" class=\"fi flaticon-calling\"><\/i>\t\t\t\t<\/span>\n\t\t\t<\/div>\n\t\t\t\n\t\t\t\t\t\t<div class=\"elementor-icon-box-content\">\n\n\t\t\t\t\t\t\t\t\t<h2 class=\"elementor-icon-box-title\">\n\t\t\t\t\t\t<span  >\n\t\t\t\t\t\t\tPOUR NOUS JOINDRE 01 44 53 99 88\t\t\t\t\t\t<\/span>\n\t\t\t\t\t<\/h2>\n\t\t\t\t\n\t\t\t\t\n\t\t\t<\/div>\n\t\t\t\n\t\t<\/div>\n\t\t\t\t\t\t<\/div>\n\t\t\t\t<\/div>\n\t\t\t\t\t<\/div>\n\t\t<\/div>\n\t\t\t\t\t<\/div>\n\t\t<\/section>\n\t\t\t\t<\/div>\n\t\t","protected":false},"excerpt":{"rendered":"<p>Visibilit\u00e9 sur le Web Augmentez votre CA B\u00e9n\u00e9ficiez du responsive Attirez, fid\u00e9lisez de nouveaux clients et boostez votre notori\u00e9t\u00e9 Notre Solution pour les pros partout en France Vous \u00eatres un [&hellip;]<\/p>\n","protected":false},"author":1,"featured_media":0,"parent":0,"menu_order":0,"comment_status":"closed","ping_status":"closed","template":"","meta":{"footnotes":""},"class_list":["post-879","page","type-page","status-publish","hentry"],"_links":{"self":[{"href":"https:\/\/info-des-communes.fr\/index.php?rest_route=\/wp\/v2\/pages\/879","targetHints":{"allow":["GET"]}}],"collection":[{"href":"https:\/\/info-des-communes.fr\/index.php?rest_route=\/wp\/v2\/pages"}],"about":[{"href":"https:\/\/info-des-communes.fr\/index.php?rest_route=\/wp\/v2\/types\/page"}],"author":[{"embeddable":true,"href":"https:\/\/info-des-communes.fr\/index.php?rest_route=\/wp\/v2\/users\/1"}],"replies":[{"embeddable":true,"href":"https:\/\/info-des-communes.fr\/index.php?rest_route=%2Fwp%2Fv2%2Fcomments&post=879"}],"version-history":[{"count":6,"href":"https:\/\/info-des-communes.fr\/index.php?rest_route=\/wp\/v2\/pages\/879\/revisions"}],"predecessor-version":[{"id":436445,"href":"https:\/\/info-des-communes.fr\/index.php?rest_route=\/wp\/v2\/pages\/879\/revisions\/436445"}],"wp:attachment":[{"href":"https:\/\/info-des-communes.fr\/index.php?rest_route=%2Fwp%2Fv2%2Fmedia&parent=879"}],"curies":[{"name":"wp","href":"https:\/\/api.w.org\/{rel}","templated":true}]}}