{"id":1087,"date":"2020-10-23T13:34:34","date_gmt":"2020-10-23T11:34:34","guid":{"rendered":"https:\/\/www.gavias-theme.com\/wp\/ziston\/?page_id=1087"},"modified":"2023-05-13T00:28:28","modified_gmt":"2023-05-12T22:28:28","slug":"direct-news","status":"publish","type":"page","link":"https:\/\/info-des-communes.fr\/?page_id=1087","title":{"rendered":"DIRECT NEWS"},"content":{"rendered":"\t\t<div data-elementor-type=\"wp-page\" data-elementor-id=\"1087\" class=\"elementor elementor-1087\">\n\t\t\t\t\t\t<section class=\"elementor-section elementor-top-section elementor-element elementor-element-700b768 elementor-section-boxed elementor-section-height-default elementor-section-height-default row-top\" data-id=\"700b768\" data-element_type=\"section\" data-e-type=\"section\">\n\t\t\t\t\t\t<div class=\"elementor-container elementor-column-gap-default\">\n\t\t\t\t\t<div class=\"elementor-column elementor-col-100 elementor-top-column elementor-element elementor-element-d05e30d column-style-top\" data-id=\"d05e30d\" data-element_type=\"column\" data-e-type=\"column\">\n\t\t\t<div class=\"elementor-widget-wrap elementor-element-populated\">\n\t\t\t\t\t\t<div class=\"elementor-element elementor-element-1fd00f7 elementor-widget elementor-widget-gva-posts\" data-id=\"1fd00f7\" data-element_type=\"widget\" data-e-type=\"widget\" data-widget_type=\"gva-posts.default\">\n\t\t\t\t<div class=\"elementor-widget-container\">\n\t\t\t\t\t<div class=\"gva-element-gva-posts gva-element\">  \r\n  <div class=\"gva-posts-grid clearfix gva-posts\">\r\n      <div class=\"gva-content-items\"> \r\n        <div class=\"lg-block-grid-3 md-block-grid-3 sm-block-grid-2 xs-block-grid-1 xx-block-grid-1\">\r\n          \r\n<div class=\"all actualites  item-columns\">\r\n   <article id=\"post-520657\" class=\"post post-style-1 post-520657 type-post status-publish format-standard has-post-thumbnail hentry category-actualites\">\r\n      <div class=\"post-thumbnail\">\r\n         <a href=\"https:\/\/info-des-communes.fr\/?p=520657\">\r\n            <img fetchpriority=\"high\" decoding=\"async\" width=\"432\" height=\"243\" src=\"https:\/\/info-des-communes.fr\/wp-content\/uploads\/2026\/04\/69e31ff28f187946272404-zC8Z8W.jpg\" class=\"attachment-ziston_medium size-ziston_medium wp-post-image\" alt=\"Les Etats-Unis prolongent la suspension de la plupart des sanctions contre le p\u00e9trole russe\" \/>         <\/a>\r\n      <\/div>   \r\n\r\n      <div class=\"entry-content\">\r\n         <div class=\"entry-meta\">\r\n            \r\n    <div class=\"clearfix meta-inline\"><span class=\"author vcard\"><i class=\"far fa-user-circle\"><\/i>par&nbsp;Joel Guened<\/span><\/div><div class=\"entry-date\"><span class=\"day\">18<\/span><span class=\"month\">Avr<\/span><\/div>         <\/div> \r\n         <div class=\"content-inner\">\r\n            <h2 class=\"entry-title\"><a href=\"https:\/\/info-des-communes.fr\/?p=520657\" rel=\"bookmark\">Les Etats-Unis prolongent la suspension de la plupart des sanctions contre le p\u00e9trole russe<\/a><\/h2>\r\n                           <div class=\"entry-description\">Le gouvernement am\u00e9ricain avait lev\u00e9 temporairement en mars les sanctions concernant le p\u00e9trole russe stock\u00e9 en mer, avec pour objectif d&rsquo;att\u00e9nuer l&rsquo;envol\u00e9e des prix du p\u00e9trole.<\/div>\r\n                     <\/div>\r\n      <\/div>\r\n   <\/article>   \r\n<\/div>\r\n\r\n  \r\n<div class=\"all actualites  item-columns\">\r\n   <article id=\"post-520655\" class=\"post post-style-1 post-520655 type-post status-publish format-standard has-post-thumbnail hentry category-actualites\">\r\n      <div class=\"post-thumbnail\">\r\n         <a href=\"https:\/\/info-des-communes.fr\/?p=520655\">\r\n            <img decoding=\"async\" width=\"432\" height=\"243\" src=\"https:\/\/info-des-communes.fr\/wp-content\/uploads\/2026\/04\/69d5963a8dcdf995595911-lBClXd.jpg\" class=\"attachment-ziston_medium size-ziston_medium wp-post-image\" alt=\"Guerre au Moyen-Orient\u00a0: l&rsquo;Iran menace de refermer le d\u00e9troit d&rsquo;Ormuz si les Etats-Unis maintiennent leur blocus des ports iraniens\" \/>         <\/a>\r\n      <\/div>   \r\n\r\n      <div class=\"entry-content\">\r\n         <div class=\"entry-meta\">\r\n            \r\n    <div class=\"clearfix meta-inline\"><span class=\"author vcard\"><i class=\"far fa-user-circle\"><\/i>par&nbsp;Joel Guened<\/span><\/div><div class=\"entry-date\"><span class=\"day\">18<\/span><span class=\"month\">Avr<\/span><\/div>         <\/div> \r\n         <div class=\"content-inner\">\r\n            <h2 class=\"entry-title\"><a href=\"https:\/\/info-des-communes.fr\/?p=520655\" rel=\"bookmark\">Guerre au Moyen-Orient\u00a0: l&rsquo;Iran menace de refermer le d\u00e9troit d&rsquo;Ormuz si les Etats-Unis maintiennent leur blocus des ports iraniens<\/a><\/h2>\r\n                           <div class=\"entry-description\">T\u00e9h\u00e9ran a annonc\u00e9 hier la r\u00e9ouverture totale de ce passage oblig\u00e9 des p\u00e9troliers pour la dur\u00e9e restante du cessez-le-feu.<\/div>\r\n                     <\/div>\r\n      <\/div>\r\n   <\/article>   \r\n<\/div>\r\n\r\n  \r\n<div class=\"all actualites  item-columns\">\r\n   <article id=\"post-520645\" class=\"post post-style-1 post-520645 type-post status-publish format-standard has-post-thumbnail hentry category-actualites\">\r\n      <div class=\"post-thumbnail\">\r\n         <a href=\"https:\/\/info-des-communes.fr\/?p=520645\">\r\n            <img decoding=\"async\" width=\"432\" height=\"243\" src=\"https:\/\/info-des-communes.fr\/wp-content\/uploads\/2026\/04\/69e2268b6e707977226440-U8aumg.jpg\" class=\"attachment-ziston_medium size-ziston_medium wp-post-image\" alt=\"Scrutin en ligne, primaire, possible d\u00e9signation de Bruno Retailleau&#8230; Tout ce qu&rsquo;il faut savoir sur le vote des adh\u00e9rents LR pour la pr\u00e9sidentielle 2027\" \/>         <\/a>\r\n      <\/div>   \r\n\r\n      <div class=\"entry-content\">\r\n         <div class=\"entry-meta\">\r\n            \r\n    <div class=\"clearfix meta-inline\"><span class=\"author vcard\"><i class=\"far fa-user-circle\"><\/i>par&nbsp;Joel Guened<\/span><\/div><div class=\"entry-date\"><span class=\"day\">18<\/span><span class=\"month\">Avr<\/span><\/div>         <\/div> \r\n         <div class=\"content-inner\">\r\n            <h2 class=\"entry-title\"><a href=\"https:\/\/info-des-communes.fr\/?p=520645\" rel=\"bookmark\">Scrutin en ligne, primaire, possible d\u00e9signation de Bruno Retailleau&#8230; Tout ce qu&rsquo;il faut savoir sur le vote des adh\u00e9rents LR pour la pr\u00e9sidentielle 2027<\/a><\/h2>\r\n                           <div class=\"entry-description\">Les adh\u00e9rents LR vont-ils choisir Bruno Retailleau comme candidat de la droite pour l&rsquo;\u00e9lection pr\u00e9sidentielle du printemps prochain ou opteront-ils pour une primaire\u00a0? La question doit \u00eatre tranch\u00e9e par un<\/div>\r\n                     <\/div>\r\n      <\/div>\r\n   <\/article>   \r\n<\/div>\r\n\r\n  \r\n<div class=\"all actualites  item-columns\">\r\n   <article id=\"post-520647\" class=\"post post-style-1 post-520647 type-post status-publish format-standard has-post-thumbnail hentry category-actualites\">\r\n      <div class=\"post-thumbnail\">\r\n         <a href=\"https:\/\/info-des-communes.fr\/?p=520647\">\r\n            <img loading=\"lazy\" decoding=\"async\" width=\"432\" height=\"243\" src=\"https:\/\/info-des-communes.fr\/wp-content\/uploads\/2026\/04\/69e24d79d4400981775332-h0HpIW.jpg\" class=\"attachment-ziston_medium size-ziston_medium wp-post-image\" alt=\"Hachette, Grasset, JC Latt\u00e8s, Fayard, Larousse&#8230; Visualisez la galaxie Bollor\u00e9 dans le monde de l&rsquo;\u00e9dition\" \/>         <\/a>\r\n      <\/div>   \r\n\r\n      <div class=\"entry-content\">\r\n         <div class=\"entry-meta\">\r\n            \r\n    <div class=\"clearfix meta-inline\"><span class=\"author vcard\"><i class=\"far fa-user-circle\"><\/i>par&nbsp;Joel Guened<\/span><\/div><div class=\"entry-date\"><span class=\"day\">18<\/span><span class=\"month\">Avr<\/span><\/div>         <\/div> \r\n         <div class=\"content-inner\">\r\n            <h2 class=\"entry-title\"><a href=\"https:\/\/info-des-communes.fr\/?p=520647\" rel=\"bookmark\">Hachette, Grasset, JC Latt\u00e8s, Fayard, Larousse&#8230; Visualisez la galaxie Bollor\u00e9 dans le monde de l&rsquo;\u00e9dition<\/a><\/h2>\r\n                           <div class=\"entry-description\">En d\u00e9tenant le mastodonte Hachette, num\u00e9ro un fran\u00e7ais des livres, le milliardaire p\u00e8se pour pr\u00e8s de la moiti\u00e9 du chiffre d&rsquo;affaires annuel du secteur. D\u00e9cryptage de l&#8217;empire Bollor\u00e9, alors que<\/div>\r\n                     <\/div>\r\n      <\/div>\r\n   <\/article>   \r\n<\/div>\r\n\r\n  \r\n<div class=\"all actualites  item-columns\">\r\n   <article id=\"post-520649\" class=\"post post-style-1 post-520649 type-post status-publish format-standard has-post-thumbnail hentry category-actualites\">\r\n      <div class=\"post-thumbnail\">\r\n         <a href=\"https:\/\/info-des-communes.fr\/?p=520649\">\r\n            <img loading=\"lazy\" decoding=\"async\" width=\"432\" height=\"243\" src=\"https:\/\/info-des-communes.fr\/wp-content\/uploads\/2026\/04\/69e1f7f0cde50439648260-kC06N3.jpg\" class=\"attachment-ziston_medium size-ziston_medium wp-post-image\" alt=\"Gare de Lyon ferm\u00e9e, trains d\u00e9tourn\u00e9s, RER perturb\u00e9&#8230; Pourquoi le week-end du 1er-Mai s&rsquo;annonce perturb\u00e9 dans les transports \u00e0 Paris\" \/>         <\/a>\r\n      <\/div>   \r\n\r\n      <div class=\"entry-content\">\r\n         <div class=\"entry-meta\">\r\n            \r\n    <div class=\"clearfix meta-inline\"><span class=\"author vcard\"><i class=\"far fa-user-circle\"><\/i>par&nbsp;Joel Guened<\/span><\/div><div class=\"entry-date\"><span class=\"day\">18<\/span><span class=\"month\">Avr<\/span><\/div>         <\/div> \r\n         <div class=\"content-inner\">\r\n            <h2 class=\"entry-title\"><a href=\"https:\/\/info-des-communes.fr\/?p=520649\" rel=\"bookmark\">Gare de Lyon ferm\u00e9e, trains d\u00e9tourn\u00e9s, RER perturb\u00e9&#8230; Pourquoi le week-end du 1er-Mai s&rsquo;annonce perturb\u00e9 dans les transports \u00e0 Paris<\/a><\/h2>\r\n                           <div class=\"entry-description\">Aucun train ne circulera \u00e0 la gare de Lyon, \u00e0 Paris, pendant pr\u00e8s de trois jours, en plein week-end prolong\u00e9. La SNCF va mener d&rsquo;importants travaux de modernisation de son<\/div>\r\n                     <\/div>\r\n      <\/div>\r\n   <\/article>   \r\n<\/div>\r\n\r\n  \r\n<div class=\"all actualites  item-columns\">\r\n   <article id=\"post-520641\" class=\"post post-style-1 post-520641 type-post status-publish format-standard has-post-thumbnail hentry category-actualites\">\r\n      <div class=\"post-thumbnail\">\r\n         <a href=\"https:\/\/info-des-communes.fr\/?p=520641\">\r\n            <img loading=\"lazy\" decoding=\"async\" width=\"432\" height=\"243\" src=\"https:\/\/info-des-communes.fr\/wp-content\/uploads\/2026\/04\/69dfc7cae28ab336115950-ndaBQn.jpg\" class=\"attachment-ziston_medium size-ziston_medium wp-post-image\" alt=\"Prudence diplomatique, enjeux \u00e9conomiques, soup\u00e7ons de ventes d&rsquo;armes\u2026 Comment se positionne la Chine dans la guerre au Moyen-Orient\" \/>         <\/a>\r\n      <\/div>   \r\n\r\n      <div class=\"entry-content\">\r\n         <div class=\"entry-meta\">\r\n            \r\n    <div class=\"clearfix meta-inline\"><span class=\"author vcard\"><i class=\"far fa-user-circle\"><\/i>par&nbsp;Joel Guened<\/span><\/div><div class=\"entry-date\"><span class=\"day\">18<\/span><span class=\"month\">Avr<\/span><\/div>         <\/div> \r\n         <div class=\"content-inner\">\r\n            <h2 class=\"entry-title\"><a href=\"https:\/\/info-des-communes.fr\/?p=520641\" rel=\"bookmark\">Prudence diplomatique, enjeux \u00e9conomiques, soup\u00e7ons de ventes d&rsquo;armes\u2026 Comment se positionne la Chine dans la guerre au Moyen-Orient<\/a><\/h2>\r\n                           <div class=\"entry-description\">Confront\u00e9e \u00e0 une guerre qui met \u00e0 mal ses int\u00e9r\u00eats, P\u00e9kin choisit, fid\u00e8le \u00e0 son habitude, d&rsquo;avancer ses pions discr\u00e8tement, cherchant \u00e0 para\u00eetre comme le garant de la paix face<\/div>\r\n                     <\/div>\r\n      <\/div>\r\n   <\/article>   \r\n<\/div>\r\n\r\n          <\/div>\r\n      <\/div>\r\n        <\/div>\r\n  <\/div>\t\t\t\t<\/div>\n\t\t\t\t<\/div>\n\t\t\t\t\t<\/div>\n\t\t<\/div>\n\t\t\t\t\t<\/div>\n\t\t<\/section>\n\t\t\t\t<\/div>\n\t\t","protected":false},"excerpt":{"rendered":"<p>by&nbsp;admin0 comments03Sep Top 8 Amazing Places to Stay in Canada Lorem ipsum dolor sit amet, cibo mundi ea duo, vim exerci phaedrum. by&nbsp;admin0 comments03Sep Attract and retain quality high paying [&hellip;]<\/p>\n","protected":false},"author":1,"featured_media":0,"parent":0,"menu_order":0,"comment_status":"closed","ping_status":"closed","template":"","meta":{"footnotes":""},"class_list":["post-1087","page","type-page","status-publish","hentry"],"_links":{"self":[{"href":"https:\/\/info-des-communes.fr\/index.php?rest_route=\/wp\/v2\/pages\/1087","targetHints":{"allow":["GET"]}}],"collection":[{"href":"https:\/\/info-des-communes.fr\/index.php?rest_route=\/wp\/v2\/pages"}],"about":[{"href":"https:\/\/info-des-communes.fr\/index.php?rest_route=\/wp\/v2\/types\/page"}],"author":[{"embeddable":true,"href":"https:\/\/info-des-communes.fr\/index.php?rest_route=\/wp\/v2\/users\/1"}],"replies":[{"embeddable":true,"href":"https:\/\/info-des-communes.fr\/index.php?rest_route=%2Fwp%2Fv2%2Fcomments&post=1087"}],"version-history":[{"count":0,"href":"https:\/\/info-des-communes.fr\/index.php?rest_route=\/wp\/v2\/pages\/1087\/revisions"}],"wp:attachment":[{"href":"https:\/\/info-des-communes.fr\/index.php?rest_route=%2Fwp%2Fv2%2Fmedia&parent=1087"}],"curies":[{"name":"wp","href":"https:\/\/api.w.org\/{rel}","templated":true}]}}